{"id":4,"date":"2016-09-22T22:24:51","date_gmt":"2016-09-22T20:24:51","guid":{"rendered":"http:\/\/www.marionliotard.com\/?page_id=4"},"modified":"2023-03-28T16:42:42","modified_gmt":"2023-03-28T14:42:42","slug":"biographie","status":"publish","type":"page","link":"http:\/\/www.marionliotard.com\/index.php\/biographie\/","title":{"rendered":"Biographie"},"content":{"rendered":"<p style=\"text-align: justify;\"><img decoding=\"async\" loading=\"lazy\" class=\"size-medium wp-image-81 alignleft\" src=\"http:\/\/www.marionliotard.com\/wp-content\/uploads\/2016\/10\/Photo-JD-R\u00eave-200x300.jpg\" alt=\"photo-jd-reve\" width=\"200\" height=\"300\" srcset=\"http:\/\/www.marionliotard.com\/wp-content\/uploads\/2016\/10\/Photo-JD-R\u00eave-200x300.jpg 200w, http:\/\/www.marionliotard.com\/wp-content\/uploads\/2016\/10\/Photo-JD-R\u00eave-768x1151.jpg 768w, http:\/\/www.marionliotard.com\/wp-content\/uploads\/2016\/10\/Photo-JD-R\u00eave-683x1024.jpg 683w, http:\/\/www.marionliotard.com\/wp-content\/uploads\/2016\/10\/Photo-JD-R\u00eave.jpg 1366w\" sizes=\"(max-width: 200px) 100vw, 200px\" \/>&nbsp;Apr\u00e8s des \u00e9tudes musicales compl\u00e8tes (piano, musique de chambre, accompagnement, ma\u00eetrise de musicologie sur la compositrice Louise Farrenc), Marion Liotard, guid\u00e9e par son professeur Pierre Morabia, d\u00e9couvre dans l&rsquo;accompagnement un m\u00e9tier extraordinaire qui offre la possibilit\u00e9 de s\u2019exprimer dans de nombreux styles musicaux, et de partager la musique avec des partenaires tr\u00e8s vari\u00e9s.<\/p>\n<p style=\"text-align: justify;\">Toutefois, le r\u00e9pertoire vocal attire particuli\u00e8rement son attention puisqu\u2019il est enrichi d\u2019une dimension litt\u00e9raire passionnante, elle se sp\u00e9cialise alors comme pianiste-chef de chant, apr\u00e8s l&rsquo;obtention d&rsquo;un Premier Prix d&rsquo;accompagnement en 2004 au CRR&nbsp; de Marseille.<\/p>\n<p style=\"text-align: justify;\">Chef de chant au CNIPAL de 2009 \u00e0 2014, elle partage alors son enthousiasme, son \u00e9nergie et son talent avec de jeunes artistes lyriques venus du monde entier \u00e0 Marseille pour commencer leurs carri\u00e8res. Elle y accompagne de nombreuses master-class: Yvonne Minton, Sandrine Piau, Patricia Petibon, Inva Mula, Marie-Ange Todorovitch, Louis Langr\u00e9e&#8230;<\/p>\n<p style=\"text-align: justify;\"><img decoding=\"async\" loading=\"lazy\" class=\" wp-image-80 alignright\" src=\"http:\/\/www.marionliotard.com\/wp-content\/uploads\/2016\/10\/Photo-JD-pierre-200x300.jpg\" alt=\"photo-jd-pierre\" width=\"211\" height=\"317\" srcset=\"http:\/\/www.marionliotard.com\/wp-content\/uploads\/2016\/10\/Photo-JD-pierre-200x300.jpg 200w, http:\/\/www.marionliotard.com\/wp-content\/uploads\/2016\/10\/Photo-JD-pierre-768x1151.jpg 768w, http:\/\/www.marionliotard.com\/wp-content\/uploads\/2016\/10\/Photo-JD-pierre-683x1024.jpg 683w, http:\/\/www.marionliotard.com\/wp-content\/uploads\/2016\/10\/Photo-JD-pierre.jpg 1366w\" sizes=\"(max-width: 211px) 100vw, 211px\" \/><\/p>\n<p style=\"text-align: justify;\">Elle continue depuis de s&rsquo;investir dans la pr\u00e9paration de chanteurs lyriques et de collaborer sur des projets musicaux avec nombre d&rsquo;entre eux (avec la soprano Ana\u00efs Constans: Victoires de la Musique 2015 et BBC Cardiff singer of the world 2015&#8230;)<\/p>\n<p style=\"text-align: justify;\">Elle se produit r\u00e9guli\u00e8rement en r\u00e9cital piano\/voix dans diff\u00e9rents op\u00e9ras (Marseille, Avignon, Toulon, St-Etienne, Bordeaux, Limoges&#8230;) et de nombreux festivals (Festival de Radio France, Chor\u00e9gies d&rsquo;Orange&#8230;)<\/p>\n<p style=\"text-align: justify;\">Tr\u00e8s investie dans la cr\u00e9ation de la musique de son temps, elle participe en Juin 2010 \u00e0 la cr\u00e9ation d\u2019Act\u2019tempo, association d\u00e9di\u00e9e au d\u00e9veloppement de la cr\u00e9ation musicale. Elle cr\u00e9e en 2010 \u00abUn brasier d\u2019\u00e9toiles\u00bb (cycle de m\u00e9lodies) et en 2013 \u00abM\u00e9d\u00e9e Kali\u00bb (op\u00e9ra de chambre) de Lionel Ginoux.<\/p>\n<p>Le disque \u00abUn brasier d\u2019\u00e9toiles\u00bb (enregistr\u00e9 en juillet 2016), compos\u00e9 de m\u00e9lodies d\u2019Henri Tomasi et de Lionel Ginoux, est salu\u00e9 par la critique (****Classica, juin 2017).<\/p>\n<p>\u00c0 l\u2019origine de sa vocation de musicienne: cette interrogation \u00e0 propos de la place de la femme dans la cr\u00e9ation artistique. Marion Liotard explore donc avec passion l\u2019\u0153uvre de nombreuses compositrices ainsi que la pens\u00e9e litt\u00e9raire d\u2019auteures, dans des formes diverses de r\u00e9cital et spectacles musico-litt\u00e9raires.<\/p>\n<p style=\"text-align: justify;\">\n<p style=\"text-align: justify;\">\n<p style=\"text-align: justify;\"><span style=\"font-size: 18pt;\"><a href=\"http:\/\/www.marionliotard.com\/index.php\/biographie\/biography\/\">Biography<\/a><\/span><\/p>\n","protected":false},"excerpt":{"rendered":"<p>&nbsp;Apr\u00e8s des \u00e9tudes musicales compl\u00e8tes (piano, musique de chambre, accompagnement, ma\u00eetrise de musicologie sur la compositrice Louise Farrenc), Marion Liotard, guid\u00e9e par son professeur Pierre Morabia, d\u00e9couvre dans l&rsquo;accompagnement un m\u00e9tier extraordinaire qui offre la possibilit\u00e9 de s\u2019exprimer dans de nombreux styles musicaux, et de partager la musique avec des partenaires tr\u00e8s vari\u00e9s. Toutefois, le&hellip; <a class=\"read-more\" href=\"http:\/\/www.marionliotard.com\/index.php\/biographie\/\">Read More<\/a><\/p>\n","protected":false},"author":1,"featured_media":0,"parent":0,"menu_order":3,"comment_status":"closed","ping_status":"closed","template":"","meta":[],"_links":{"self":[{"href":"http:\/\/www.marionliotard.com\/index.php\/wp-json\/wp\/v2\/pages\/4"}],"collection":[{"href":"http:\/\/www.marionliotard.com\/index.php\/wp-json\/wp\/v2\/pages"}],"about":[{"href":"http:\/\/www.marionliotard.com\/index.php\/wp-json\/wp\/v2\/types\/page"}],"author":[{"embeddable":true,"href":"http:\/\/www.marionliotard.com\/index.php\/wp-json\/wp\/v2\/users\/1"}],"replies":[{"embeddable":true,"href":"http:\/\/www.marionliotard.com\/index.php\/wp-json\/wp\/v2\/comments?post=4"}],"version-history":[{"count":17,"href":"http:\/\/www.marionliotard.com\/index.php\/wp-json\/wp\/v2\/pages\/4\/revisions"}],"predecessor-version":[{"id":379,"href":"http:\/\/www.marionliotard.com\/index.php\/wp-json\/wp\/v2\/pages\/4\/revisions\/379"}],"wp:attachment":[{"href":"http:\/\/www.marionliotard.com\/index.php\/wp-json\/wp\/v2\/media?parent=4"}],"curies":[{"name":"wp","href":"https:\/\/api.w.org\/{rel}","templated":true}]}}