{"id":316,"date":"2017-06-13T17:09:33","date_gmt":"2017-06-13T15:09:33","guid":{"rendered":"http:\/\/www.marionliotard.com\/?page_id=316"},"modified":"2017-06-13T17:09:33","modified_gmt":"2017-06-13T15:09:33","slug":"discographie","status":"publish","type":"page","link":"http:\/\/www.marionliotard.com\/index.php\/discographie\/","title":{"rendered":"Discographie"},"content":{"rendered":"<p style=\"text-align: left;\"><img decoding=\"async\" loading=\"lazy\" class=\"alignnone size-medium wp-image-315 aligncenter\" src=\"http:\/\/www.marionliotard.com\/wp-content\/uploads\/2017\/06\/Image_Disque-300x267.jpeg\" alt=\"Image_Disque\" width=\"300\" height=\"267\" srcset=\"http:\/\/www.marionliotard.com\/wp-content\/uploads\/2017\/06\/Image_Disque-300x267.jpeg 300w, http:\/\/www.marionliotard.com\/wp-content\/uploads\/2017\/06\/Image_Disque.jpeg 640w\" sizes=\"(max-width: 300px) 100vw, 300px\" \/><\/p>\n<p style=\"text-align: center;\"><span style=\"font-size: 24pt; color: #ff0000;\">\u00ab\u00a0Un brasier d&rsquo;\u00e9toiles\u00a0\u00bb<\/span><\/p>\n<p style=\"text-align: left;\">Disque de m\u00e9lodies de Henri Tomasi et Lionel Ginoux, interpr\u00e9t\u00e9es par Jennifer Michel et Marion Liotard.<\/p>\n<p>Label Maguelone <a href=\"http:\/\/www.maguelone.fr\/\" target=\"_blank\" data-cke-saved-href=\"http:\/\/www.maguelone.fr\/\">\u00a0http:\/\/www.maguelone.fr\/<\/a><br \/>\n<a href=\"https:\/\/youtu.be\/jsf6flBTl78\" target=\"_blank\" data-cke-saved-href=\"https:\/\/youtu.be\/jsf6flBTl78\">D\u00e9couvrir un extrait<\/a><\/p>\n<p style=\"text-align: justify;\"><span style=\"font-size: 10pt;\"><em>\u00ab\u00a0Voil\u00e0 un CD qui sent le Sud : Henri Tomasi \u00e9tait originaire de Marseille, Lionel Ginoux a fait ses \u00e9tudes au Conservatoire de Marseille, notamment avec <a href=\"http:\/\/vagnethierry.fr\/rencontre-avec-le-compositeur-regis-campo\/\" target=\"_blank\" rel=\"noopener noreferrer\">R\u00e9gis Campo<\/a>, La chanteuse Jennifer est originaire de N\u00eemes et la pianiste Marion Liotard eut un 1er Prix d\u2019accompagnement au CRR de Marseille.<\/em><\/span><br \/>\n<span style=\"font-size: 10pt;\"><em>C\u2019est aussi un CD qui d\u00e9gage de la\u00a0chaleur sans jeu de mots avec le titre de l\u2019\u0153uvre de Lionel Ginoux : celle de la voix de la soprano, du jeu de la pianiste et des \u0153uvres si m\u00e9diterran\u00e9ennes de Tomasi. [&#8230;]<\/em><\/span><\/p>\n<p style=\"text-align: justify;\"><span style=\"font-size: 10pt;\"><em>Travail remarquable et entente parfaite des deux artistes. [&#8230;]<\/em><\/span><\/p>\n<p style=\"text-align: justify;\"><span style=\"font-size: 10pt;\"><em>Quand le CD s\u2019arr\u00eate on a l\u2019impression de quitter \u00e0 regret un monde onirique.\u00a0\u00bb\u00a0<\/em><\/span><\/p>\n<p style=\"text-align: justify;\">Extraits de la <a href=\"http:\/\/vagnethierry.fr\/melodies-dhenri-tomasi-lionel-giroux\/\">critique<\/a> de Thierry Vagne.<\/p>\n<p style=\"text-align: justify;\">\n<p style=\"text-align: justify;\"><span style=\"font-size: 18pt; color: #ff0000;\">Acheter le disque:<span style=\"color: #000000;\"> &#8211; en me <a href=\"http:\/\/www.marionliotard.com\/index.php\/contact\/\">contactant<\/a> directement\u00a0<\/span><\/span><\/p>\n<p style=\"text-align: justify;\">\u00a0 \u00a0 \u00a0 \u00a0 \u00a0 \u00a0 \u00a0 \u00a0 \u00a0 \u00a0 \u00a0 \u00a0 \u00a0 \u00a0 \u00a0 \u00a0 \u00a0 \u00a0 \u00a0 \u00a0 \u00a0 \u00a0 \u00a0 \u00a0 \u00a0 \u00a0<span style=\"font-size: 18pt;\">&#8211; sur le site du label Maguelone\u00a0<\/span><\/p>\n<p style=\"text-align: justify;\">\u00a0 \u00a0 \u00a0 \u00a0 \u00a0 \u00a0 \u00a0 \u00a0 \u00a0 \u00a0 \u00a0 \u00a0 \u00a0 \u00a0 \u00a0 \u00a0 \u00a0 \u00a0 \u00a0 \u00a0 \u00a0 \u00a0 \u00a0 \u00a0 \u00a0 \u00a0<span style=\"font-size: 18pt;\">&#8211; <a href=\"http:\/\/musique.fnac.com\/a10607251\/Henri-Tomasi-Tomasi-Ginoux-Un-Brasier-d-etoiles-Melodies-CD-album\">FNAC<\/a><\/span><\/p>\n","protected":false},"excerpt":{"rendered":"<p>\u00ab\u00a0Un brasier d&rsquo;\u00e9toiles\u00a0\u00bb Disque de m\u00e9lodies de Henri Tomasi et Lionel Ginoux, interpr\u00e9t\u00e9es par Jennifer Michel et Marion Liotard. Label Maguelone \u00a0http:\/\/www.maguelone.fr\/ D\u00e9couvrir un extrait \u00ab\u00a0Voil\u00e0 un CD qui sent le Sud : Henri Tomasi \u00e9tait originaire de Marseille, Lionel Ginoux a fait ses \u00e9tudes au Conservatoire de Marseille, notamment avec R\u00e9gis Campo, La chanteuse&hellip; <a class=\"read-more\" href=\"http:\/\/www.marionliotard.com\/index.php\/discographie\/\">Read More<\/a><\/p>\n","protected":false},"author":1,"featured_media":0,"parent":0,"menu_order":0,"comment_status":"closed","ping_status":"closed","template":"","meta":[],"_links":{"self":[{"href":"http:\/\/www.marionliotard.com\/index.php\/wp-json\/wp\/v2\/pages\/316"}],"collection":[{"href":"http:\/\/www.marionliotard.com\/index.php\/wp-json\/wp\/v2\/pages"}],"about":[{"href":"http:\/\/www.marionliotard.com\/index.php\/wp-json\/wp\/v2\/types\/page"}],"author":[{"embeddable":true,"href":"http:\/\/www.marionliotard.com\/index.php\/wp-json\/wp\/v2\/users\/1"}],"replies":[{"embeddable":true,"href":"http:\/\/www.marionliotard.com\/index.php\/wp-json\/wp\/v2\/comments?post=316"}],"version-history":[{"count":6,"href":"http:\/\/www.marionliotard.com\/index.php\/wp-json\/wp\/v2\/pages\/316\/revisions"}],"predecessor-version":[{"id":322,"href":"http:\/\/www.marionliotard.com\/index.php\/wp-json\/wp\/v2\/pages\/316\/revisions\/322"}],"wp:attachment":[{"href":"http:\/\/www.marionliotard.com\/index.php\/wp-json\/wp\/v2\/media?parent=316"}],"curies":[{"name":"wp","href":"https:\/\/api.w.org\/{rel}","templated":true}]}}