{"id":23,"date":"2016-10-04T21:56:41","date_gmt":"2016-10-04T19:56:41","guid":{"rendered":"http:\/\/www.marionliotard.com\/?page_id=23"},"modified":"2016-11-14T19:30:50","modified_gmt":"2016-11-14T18:30:50","slug":"chef-de-chant","status":"publish","type":"page","link":"http:\/\/www.marionliotard.com\/index.php\/chef-de-chant\/","title":{"rendered":"Chef de chant"},"content":{"rendered":"<p style=\"text-align: center;\"><span style=\"font-size: 24pt;\">Coaching vocal<\/span><\/p>\n<p style=\"text-align: center;\"><span style=\"color: #ffffff;\">&#8211;<\/span><\/p>\n<p style=\"text-align: center;\"><span style=\"font-size: 24pt;\"><img decoding=\"async\" loading=\"lazy\" class=\"size-medium wp-image-78 alignleft\" src=\"http:\/\/www.marionliotard.com\/wp-content\/uploads\/2016\/10\/Limoges-Brasier-2-225x300.jpg\" alt=\"limoges-brasier-2\" width=\"225\" height=\"300\" srcset=\"http:\/\/www.marionliotard.com\/wp-content\/uploads\/2016\/10\/Limoges-Brasier-2-225x300.jpg 225w, http:\/\/www.marionliotard.com\/wp-content\/uploads\/2016\/10\/Limoges-Brasier-2.jpg 375w\" sizes=\"(max-width: 225px) 100vw, 225px\" \/><img decoding=\"async\" loading=\"lazy\" class=\"size-medium wp-image-72 alignleft\" src=\"http:\/\/www.marionliotard.com\/wp-content\/uploads\/2016\/10\/Carmen-Chor\u00e9gies-6-225x300.jpg\" alt=\"carmen-choregies-6\" width=\"225\" height=\"300\" srcset=\"http:\/\/www.marionliotard.com\/wp-content\/uploads\/2016\/10\/Carmen-Chor\u00e9gies-6-225x300.jpg 225w, http:\/\/www.marionliotard.com\/wp-content\/uploads\/2016\/10\/Carmen-Chor\u00e9gies-6.jpg 375w\" sizes=\"(max-width: 225px) 100vw, 225px\" \/><img decoding=\"async\" loading=\"lazy\" class=\"size-medium wp-image-76 alignleft\" src=\"http:\/\/www.marionliotard.com\/wp-content\/uploads\/2016\/10\/Carmen-Chor\u00e9gies-10-225x300.jpg\" alt=\"carmen-choregies-10\" width=\"225\" height=\"300\" srcset=\"http:\/\/www.marionliotard.com\/wp-content\/uploads\/2016\/10\/Carmen-Chor\u00e9gies-10-225x300.jpg 225w, http:\/\/www.marionliotard.com\/wp-content\/uploads\/2016\/10\/Carmen-Chor\u00e9gies-10.jpg 375w\" sizes=\"(max-width: 225px) 100vw, 225px\" \/><\/span><\/p>\n<p style=\"text-align: left;\"><span style=\"color: #ffffff;\">&#8211;<\/span><\/p>\n<p style=\"text-align: left;\"><span style=\"color: #ffffff;\">&#8211;<\/span><\/p>\n<p><span style=\"font-size: 18pt;\">Depuis 2009, je m&rsquo;occupe \u00e0 Marseille de la pr\u00e9paration de chanteurs lyriques professionnels.<\/span><\/p>\n<p style=\"text-align: left;\"><span style=\"color: #ffffff;\">&#8211;<\/span><\/p>\n<p style=\"text-align: left;\"><span style=\"color: #ffffff;\">&#8211;<\/span><\/p>\n<p style=\"text-align: left;\"><span style=\"color: #ffffff;\">&#8211;<\/span><\/p>\n<p style=\"text-align: left;\"><span style=\"font-size: 18pt;\">Chanteuses, chanteurs, vous \u00eates de passage \u00e0 Marseille et souhaitez pr\u00e9parer un r\u00f4le, une audition, un concours, du r\u00e9pertoire ou un programme de r\u00e9cital&#8230;<a href=\"http:\/\/www.marionliotard.com\/index.php\/contact\/\">Appelez-moi<\/a>!<\/span><\/p>\n<p style=\"text-align: left;\"><span style=\"font-size: 18pt; color: #ffffff;\">&#8211;<\/span><\/p>\n<p style=\"text-align: left;\"><span style=\"font-size: 18pt;\"><br \/>\n<img decoding=\"async\" loading=\"lazy\" class=\"wp-image-62 alignleft\" src=\"http:\/\/www.marionliotard.com\/wp-content\/uploads\/2016\/10\/R\u00e9p\u00e9tition-1-300x197.jpg\" alt=\"repetition-1\" width=\"256\" height=\"168\" srcset=\"http:\/\/www.marionliotard.com\/wp-content\/uploads\/2016\/10\/R\u00e9p\u00e9tition-1-300x197.jpg 300w, http:\/\/www.marionliotard.com\/wp-content\/uploads\/2016\/10\/R\u00e9p\u00e9tition-1.jpg 500w\" sizes=\"(max-width: 256px) 100vw, 256px\" \/><img decoding=\"async\" loading=\"lazy\" class=\"size-medium wp-image-45 alignright\" src=\"http:\/\/www.marionliotard.com\/wp-content\/uploads\/2016\/10\/Bozar-2014-1-200x300.jpg\" alt=\"bozar-2014-1\" width=\"200\" height=\"300\" srcset=\"http:\/\/www.marionliotard.com\/wp-content\/uploads\/2016\/10\/Bozar-2014-1-200x300.jpg 200w, http:\/\/www.marionliotard.com\/wp-content\/uploads\/2016\/10\/Bozar-2014-1.jpg 333w\" sizes=\"(max-width: 200px) 100vw, 200px\" \/><img decoding=\"async\" loading=\"lazy\" class=\"size-medium wp-image-44 alignright\" src=\"http:\/\/www.marionliotard.com\/wp-content\/uploads\/2016\/10\/Bozar-2014-300x200.jpg\" alt=\"bozar-2014\" width=\"300\" height=\"200\" srcset=\"http:\/\/www.marionliotard.com\/wp-content\/uploads\/2016\/10\/Bozar-2014-300x200.jpg 300w, http:\/\/www.marionliotard.com\/wp-content\/uploads\/2016\/10\/Bozar-2014.jpg 500w\" sizes=\"(max-width: 300px) 100vw, 300px\" \/><img decoding=\"async\" loading=\"lazy\" class=\"wp-image-65 alignleft\" src=\"http:\/\/www.marionliotard.com\/wp-content\/uploads\/2016\/10\/R\u00e9p\u00e9tition-4-300x200.jpg\" alt=\"repetition-4\" width=\"261\" height=\"174\" srcset=\"http:\/\/www.marionliotard.com\/wp-content\/uploads\/2016\/10\/R\u00e9p\u00e9tition-4-300x200.jpg 300w, http:\/\/www.marionliotard.com\/wp-content\/uploads\/2016\/10\/R\u00e9p\u00e9tition-4.jpg 500w\" sizes=\"(max-width: 261px) 100vw, 261px\" \/><\/span><\/p>\n","protected":false},"excerpt":{"rendered":"<p>Coaching vocal &#8211; &#8211; &#8211; Depuis 2009, je m&rsquo;occupe \u00e0 Marseille de la pr\u00e9paration de chanteurs lyriques professionnels. &#8211; &#8211; &#8211; Chanteuses, chanteurs, vous \u00eates de passage \u00e0 Marseille et souhaitez pr\u00e9parer un r\u00f4le, une audition, un concours, du r\u00e9pertoire ou un programme de r\u00e9cital&#8230;Appelez-moi! &#8211;&hellip; <a class=\"read-more\" href=\"http:\/\/www.marionliotard.com\/index.php\/chef-de-chant\/\">Read More<\/a><\/p>\n","protected":false},"author":1,"featured_media":0,"parent":0,"menu_order":5,"comment_status":"closed","ping_status":"closed","template":"","meta":[],"_links":{"self":[{"href":"http:\/\/www.marionliotard.com\/index.php\/wp-json\/wp\/v2\/pages\/23"}],"collection":[{"href":"http:\/\/www.marionliotard.com\/index.php\/wp-json\/wp\/v2\/pages"}],"about":[{"href":"http:\/\/www.marionliotard.com\/index.php\/wp-json\/wp\/v2\/types\/page"}],"author":[{"embeddable":true,"href":"http:\/\/www.marionliotard.com\/index.php\/wp-json\/wp\/v2\/users\/1"}],"replies":[{"embeddable":true,"href":"http:\/\/www.marionliotard.com\/index.php\/wp-json\/wp\/v2\/comments?post=23"}],"version-history":[{"count":36,"href":"http:\/\/www.marionliotard.com\/index.php\/wp-json\/wp\/v2\/pages\/23\/revisions"}],"predecessor-version":[{"id":265,"href":"http:\/\/www.marionliotard.com\/index.php\/wp-json\/wp\/v2\/pages\/23\/revisions\/265"}],"wp:attachment":[{"href":"http:\/\/www.marionliotard.com\/index.php\/wp-json\/wp\/v2\/media?parent=23"}],"curies":[{"name":"wp","href":"https:\/\/api.w.org\/{rel}","templated":true}]}}