{"id":222,"date":"2016-11-12T10:57:31","date_gmt":"2016-11-12T09:57:31","guid":{"rendered":"http:\/\/www.marionliotard.com\/?page_id=222"},"modified":"2016-11-15T08:00:31","modified_gmt":"2016-11-15T07:00:31","slug":"presse","status":"publish","type":"page","link":"http:\/\/www.marionliotard.com\/index.php\/presse\/","title":{"rendered":"Presse"},"content":{"rendered":"<p style=\"text-align: justify;\"><strong><span style=\"font-size: 14pt;\">\u00ab\u00a0Viaggio e bellezza\u00a0\u00bb \u00a0<\/span><\/strong><span style=\"font-size: 14pt;\">Conservatoire Darius Milhaud (Aix-en-Provence) \u00a023 F\u00e9vrier 2016<\/span><\/p>\n<p style=\"text-align: justify;\"><em><span style=\"font-size: 12pt;\">\u00ab\u00a0A l&rsquo;invitation de l&rsquo;association Dante Aligheri, deux belles et jeunes artistes, bourr\u00e9es de talent, ont donn\u00e9 un magnifique r\u00e9cital d&rsquo;airs et m\u00e9lodies italiennes, le 23 F\u00e9vrier[&#8230;] Marion Liotard au clavier l&rsquo;accompagne (Lucile Pessey), la devance, la soutient, s&rsquo;immisce dans son souffle avec un m\u00e9tier s\u00fbr et une \u00e9coute absolue. Piano\/orchestre dans l&rsquo;Ouverture des Noces mozartiennes, jou\u00e9e avec une rigueur rythmique implacable, elle fait tourner les t\u00eates aux trois temps d&rsquo;une valse de Verdi, glisse quelques \u00ab\u00a0P\u00e9ch\u00e9s de vieillesse\u00a0\u00bb de Rossini pour une d\u00e9licieuse \u00ab\u00a0Caresse \u00e0 ma femme\u00a0\u00bb.\u00a0\u00bb \u00a0 \u00a0 \u00a0 \u00a0<\/span><\/em><span style=\"font-size: 12pt;\">Zibeline \u00a0 \u00a0 \u00a0Jacques Freschel<\/span><\/p>\n<p style=\"text-align: justify;\"><span style=\"color: #ffffff;\">&#8211;<\/span><\/p>\n<p style=\"text-align: justify;\"><span style=\"font-size: 14pt;\"><strong>\u00ab\u00a0Debussy: Aquarelles intimes\u00a0\u00bb\u00a0<\/strong> Lyricop\u00e9ra, Temple Grignan (Marseille) 30 Janvier 2016<\/span><\/p>\n<p style=\"text-align: justify;\"><em><span style=\"font-size: 12pt;\">\u00ab\u00a0Troisi\u00e8me protagoniste de ce concert, la pianiste Marion Liotard que l&rsquo;on ne pr\u00e9sente plus et qui est \u00e0 la fois discr\u00e8te et incontournable. Son piano fait penser aux tableaux de Turner o\u00f9 le ciel est fondu et indispensable.\u00a0\u00bb \u00a0 \u00a0<\/span><\/em><span style=\"font-size: 12pt;\">Gis\u00e8le Laval<\/span><\/p>\n<p style=\"text-align: justify;\"><span style=\"color: #ffffff;\">&#8211;<\/span><\/p>\n<p style=\"text-align: justify;\"><span style=\"font-size: 14pt;\"><strong>\u00ab\u00a0Le cabaret lyrique de Madame Eustache et Jeanne Houhou\u00a0\u00bb \u00a0<\/strong>Festival Moments musicaux du Tarn, Rabastens \u00a0Janvier 2016<\/span><\/p>\n<p style=\"text-align: justify;\"><em><span style=\"font-size: 12pt;\">\u00ab\u00a0En lever de rideau d&rsquo;une chaleureuse r\u00e9ception organis\u00e9e \u00e0 la Cave de Rabastens, les aficionados des Moments musicaux se r\u00e9gal\u00e8rent avec le spectaculaire Cabaret lyrique de Madame Eustache et Jeanne Houhou (note d&rsquo;or et prix du jeune public au tremplin 2015, programm\u00e9 pour le festival). Avec une \u00e9nergie fr\u00e9n\u00e9tique, Marion Liotard (piano) et Charlotte Labaki (mezzo-soprano) ont interpr\u00e9t\u00e9 notamment quelques pi\u00e8ces de Poulenc. L&rsquo;intuition musicale et la fougue de ce duo magique entraient en r\u00e9sonance complice avec \u00ab\u00a0l&rsquo;instinct\u00a0\u00bb de Poulenc, mat\u00e9rialisant l&rsquo;esprit du festival de (re) d\u00e9couvrir la nouvelle g\u00e9n\u00e9ration d&rsquo;artistes qui d\u00e9fendent une vision personnelle et vivante du grand r\u00e9pertoire.\u00a0\u00bb \u00a0 \u00a0 \u00a0\u00a0<\/span><\/em><span style=\"font-size: 12pt;\">La D\u00e9p\u00e8che<\/span><\/p>\n<p style=\"text-align: justify;\"><span style=\"color: #ffffff;\">&#8211;<\/span><\/p>\n<p style=\"text-align: justify;\"><strong><span style=\"font-size: 14pt;\">\u00ab\u00a0De Mistral \u00e0 Gounod, chanter Mireille\u00a0\u00bb<\/span><\/strong><span style=\"font-size: 14pt;\"> \u00a0Foyer de l&rsquo;op\u00e9ra de Marseille 18 Octobre 2014<\/span><\/p>\n<p style=\"text-align: justify;\"><em><span style=\"font-size: 12pt;\">\u00ab\u00a0&#8230;ont compl\u00e9t\u00e9 un beau plateau accompagn\u00e9 par une ma\u00eetresse femme-orchestre au clavier: Marion Liotard.\u00a0\u00bb \u00a0 \u00a0 \u00a0\u00a0<\/span><\/em><span style=\"font-size: 12pt;\">Zibeline \u00a0 Jacques Freschel<\/span><\/p>\n<p style=\"text-align: justify;\"><span style=\"color: #ffffff;\">&#8211;<\/span><\/p>\n<p style=\"text-align: justify;\"><strong><span style=\"font-size: 14pt;\">\u00ab\u00a0La lettre dans l&rsquo;art lyrique\u00a0\u00bb\u00a0<\/span><\/strong><span style=\"font-size: 14pt;\">Festival C\u00f4t\u00e9 Cour, Chapelle des Oblats (Aix-en-Provence) Juillet 2011<\/span><\/p>\n<p style=\"text-align: justify;\"><em><span style=\"font-size: 12pt;\">\u00ab\u00a0L&rsquo;abondance, la diversit\u00e9 du programme de cette soir\u00e9e qui avait pour ambition d&rsquo;\u00e9tablir des passerelles entre litt\u00e9rature et musique a \u00e9t\u00e9 bien re\u00e7ue d&rsquo;un public averti. La qualit\u00e9 de chanteurs \u00e0 la carri\u00e8re d\u00e9j\u00e0 jalonn\u00e9e de prix a couronn\u00e9 ce spectacle et il ne faut pas manquer d&rsquo;y ajouter la prestation de la pianiste Marion Liotard qui a soutenu brillamment les voix de ces chanteurs sans renoncer \u00e0 mettre en valeur son propre talent.\u00a0\u00bb \u00a0\u00a0 \u00a0<\/span><\/em><span style=\"font-size: 12pt;\">Le courrier d&rsquo;Aix \u00a0 Clairefontaine<\/span><\/p>\n<p style=\"text-align: justify;\"><span style=\"color: #ffffff;\">&#8211;<\/span><\/p>\n<p style=\"text-align: justify;\"><strong><span style=\"font-size: 14pt;\">\u00ab\u00a0Un brasier d&rsquo;\u00e9toiles\u00a0\u00bb\u00a0<\/span><\/strong><span style=\"font-size: 14pt;\"> r\u00e9cital au Parvis des Arts (Marseille) Novembre 2010<\/span><\/p>\n<p style=\"text-align: justify;\"><em><span style=\"font-size: 12pt;\">\u00ab\u00a0Pianiste ma\u00eetre de chant au CNIPAL, la pianiste Marion Liotard, rompue \u00e0 la subtilit\u00e9 de l&rsquo;accompagnement, \u00e9tait comme un poisson dans l&rsquo;eau du d\u00e9but \u00e0 la fin: du scintillement argentin au ruissellement \u00e0 l&rsquo;infini, d&rsquo;une rare d\u00e9licatesse de touche dans L&rsquo;invitation au voyage au Brasier d&rsquo;\u00e9toiles et ses fulgurances ombreuses, orageuses, capitaine faisant d\u00e9rouler et d\u00e9ferler les flots presque wagn\u00e9riens, orchestraux de ce piano de Ginoux, con\u00e7u \u00e0 sa mesure et au large \u00e9ventail de son talent.\u00a0\u00bb \u00a0<\/span>\u00a0 \u00a0 \u00a0 \u00a0<span style=\"font-size: 12pt;\"> \u00a0<\/span><\/em><span style=\"font-size: 12pt;\">Benito Pelegrin<\/span><\/p>\n<p style=\"text-align: justify;\"><span style=\"font-size: 12pt;\">\u00a0<\/span><\/p>\n","protected":false},"excerpt":{"rendered":"<p>\u00ab\u00a0Viaggio e bellezza\u00a0\u00bb \u00a0Conservatoire Darius Milhaud (Aix-en-Provence) \u00a023 F\u00e9vrier 2016 \u00ab\u00a0A l&rsquo;invitation de l&rsquo;association Dante Aligheri, deux belles et jeunes artistes, bourr\u00e9es de talent, ont donn\u00e9 un magnifique r\u00e9cital d&rsquo;airs et m\u00e9lodies italiennes, le 23 F\u00e9vrier[&#8230;] Marion Liotard au clavier l&rsquo;accompagne (Lucile Pessey), la devance, la soutient, s&rsquo;immisce dans son souffle avec un m\u00e9tier s\u00fbr&hellip; <a class=\"read-more\" href=\"http:\/\/www.marionliotard.com\/index.php\/presse\/\">Read More<\/a><\/p>\n","protected":false},"author":1,"featured_media":0,"parent":0,"menu_order":7,"comment_status":"closed","ping_status":"closed","template":"","meta":[],"_links":{"self":[{"href":"http:\/\/www.marionliotard.com\/index.php\/wp-json\/wp\/v2\/pages\/222"}],"collection":[{"href":"http:\/\/www.marionliotard.com\/index.php\/wp-json\/wp\/v2\/pages"}],"about":[{"href":"http:\/\/www.marionliotard.com\/index.php\/wp-json\/wp\/v2\/types\/page"}],"author":[{"embeddable":true,"href":"http:\/\/www.marionliotard.com\/index.php\/wp-json\/wp\/v2\/users\/1"}],"replies":[{"embeddable":true,"href":"http:\/\/www.marionliotard.com\/index.php\/wp-json\/wp\/v2\/comments?post=222"}],"version-history":[{"count":23,"href":"http:\/\/www.marionliotard.com\/index.php\/wp-json\/wp\/v2\/pages\/222\/revisions"}],"predecessor-version":[{"id":267,"href":"http:\/\/www.marionliotard.com\/index.php\/wp-json\/wp\/v2\/pages\/222\/revisions\/267"}],"wp:attachment":[{"href":"http:\/\/www.marionliotard.com\/index.php\/wp-json\/wp\/v2\/media?parent=222"}],"curies":[{"name":"wp","href":"https:\/\/api.w.org\/{rel}","templated":true}]}}