{"id":139,"date":"2016-11-05T19:49:49","date_gmt":"2016-11-05T18:49:49","guid":{"rendered":"http:\/\/www.marionliotard.com\/?page_id=139"},"modified":"2017-06-24T15:15:51","modified_gmt":"2017-06-24T13:15:51","slug":"soprano-savante-basse-ridicule","status":"publish","type":"page","link":"http:\/\/www.marionliotard.com\/index.php\/spectacles-lyriques\/soprano-savante-basse-ridicule\/","title":{"rendered":"Soprano savante&#8230; basse ridicule&#8230;"},"content":{"rendered":"<p align=\"justify\"><span style=\"font-family: 'Gentium Book Basic'; font-size: 14pt;\"><img decoding=\"async\" loading=\"lazy\" class=\" wp-image-145 alignleft\" src=\"http:\/\/www.marionliotard.com\/wp-content\/uploads\/2016\/11\/Emilie-Rose-Bry-Marion-Liotard-200x300.jpg\" alt=\"emilie-rose-bry-marion-liotard\" width=\"219\" height=\"329\" srcset=\"http:\/\/www.marionliotard.com\/wp-content\/uploads\/2016\/11\/Emilie-Rose-Bry-Marion-Liotard-200x300.jpg 200w, http:\/\/www.marionliotard.com\/wp-content\/uploads\/2016\/11\/Emilie-Rose-Bry-Marion-Liotard.jpg 545w\" sizes=\"(max-width: 219px) 100vw, 219px\" \/>Du lyrisme et de l&rsquo;humour, un spectacle \u00e9tonnant et r\u00e9jouissant, avec des airs et duos du grand r\u00e9pertoire de Mozart et Donizetti: des extraits de Don Juan, Les noces de Figaro, La fl\u00fbte enchant\u00e9e, l&rsquo;Elixir d&rsquo;amour, Don Pasquale.<img decoding=\"async\" loading=\"lazy\" class=\" wp-image-147 alignright\" src=\"http:\/\/www.marionliotard.com\/wp-content\/uploads\/2016\/11\/Thibaut-de-Damas-200x300.jpg\" alt=\"thibaut-de-damas\" width=\"237\" height=\"356\" srcset=\"http:\/\/www.marionliotard.com\/wp-content\/uploads\/2016\/11\/Thibaut-de-Damas-200x300.jpg 200w, http:\/\/www.marionliotard.com\/wp-content\/uploads\/2016\/11\/Thibaut-de-Damas.jpg 563w\" sizes=\"(max-width: 237px) 100vw, 237px\" \/><\/span><\/p>\n<p align=\"justify\"><span style=\"color: #ffffff;\">&#8211;<\/span><\/p>\n<p align=\"justify\"><span style=\"font-size: 14pt;\"><a href=\"http:\/\/www.emilierosebry.com\/\" target=\"_blank\">Emilie Rose Bry<\/a>, soprano<\/span><\/p>\n<p align=\"justify\"><span style=\"font-size: 14pt;\"><a href=\"https:\/\/www.thibaultdedamas.com\/\">Thibault de Damas<\/a>, baryon-basse<\/span><\/p>\n<p align=\"justify\"><span style=\"font-size: 14pt;\">Marion Liotard, piano<\/span><\/p>\n<p align=\"justify\"><span style=\"color: #ffffff;\">&#8211;<\/span><\/p>\n<p align=\"justify\"><span style=\"color: #ffffff;\">&#8211;<\/span><\/p>\n<p align=\"justify\"><span style=\"font-family: 'Gentium Book Basic';\"><span style=\"font-size: large;\"><span style=\"text-decoration: underline;\">1\u00e8re partie<\/span>:<\/span><\/span><\/p>\n<p align=\"justify\"><span style=\"font-family: 'Gentium Book Basic';\"><span style=\"font-size: large;\"><b>Le Nozze di Figaro WA Mozart<\/b><\/span><\/span><\/p>\n<p align=\"justify\"><span style=\"font-family: 'Gentium Book Basic';\"><span style=\"font-size: medium;\">&#8211; \u00abCinque&#8230;dieci&#8230;\u00bb duo Figaro\/Susanna<\/span><\/span><\/p>\n<p align=\"justify\"><span style=\"font-family: 'Gentium Book Basic';\"><span style=\"font-size: medium;\">&#8211; \u00abSe a caso madama&#8230;\u00bb duettino Figaro\/Susanna<\/span><\/span><\/p>\n<p align=\"justify\"><span style=\"font-family: 'Gentium Book Basic';\"><span style=\"font-size: medium;\">&#8211; \u00abSe vuol ballare&#8230;\u00bb air Figaro<\/span><\/span><\/p>\n<p align=\"justify\"><span style=\"font-family: 'Gentium Book Basic';\"><span style=\"font-size: large;\"><b>Don Giovanni WA Mozart<img decoding=\"async\" loading=\"lazy\" class=\" wp-image-152 alignright\" src=\"http:\/\/www.marionliotard.com\/wp-content\/uploads\/2016\/11\/Thibaut-Papageno-200x300.jpg\" alt=\"thibaut-papageno\" width=\"261\" height=\"392\" srcset=\"http:\/\/www.marionliotard.com\/wp-content\/uploads\/2016\/11\/Thibaut-Papageno-200x300.jpg 200w, http:\/\/www.marionliotard.com\/wp-content\/uploads\/2016\/11\/Thibaut-Papageno.jpg 578w\" sizes=\"(max-width: 261px) 100vw, 261px\" \/><\/b><\/span><\/span><\/p>\n<p align=\"justify\"><span style=\"font-family: 'Gentium Book Basic';\"><span style=\"font-size: medium;\">&#8211; \u00abL\u00e0 ci darem la mano\u00bb duo Don Giovanni\/Zerlina<\/span><\/span><\/p>\n<p align=\"justify\"><span style=\"font-family: 'Gentium Book Basic';\"><span style=\"font-size: large;\"><b>Cosi fan tutte WA Mozart<\/b><\/span><\/span><\/p>\n<p align=\"justify\"><span style=\"font-family: 'Gentium Book Basic';\"><span style=\"font-size: medium;\">&#8211; \u00abCome scoglio\u00bb air Fiordiligi<\/span><\/span><\/p>\n<p align=\"justify\"><span style=\"font-family: 'Gentium Book Basic';\"><span style=\"font-size: large;\"><b>Die Zauberfl\u00f6te WA Mozart<\/b><\/span><\/span><\/p>\n<p align=\"justify\"><span style=\"font-family: 'Gentium Book Basic';\"><span style=\"font-size: medium;\">&#8211; \u00abEin M\u00e4dchen oder Weibchen\u00bb air Papageno<\/span><\/span><\/p>\n<p align=\"justify\"><span style=\"font-family: 'Gentium Book Basic';\"><span style=\"font-size: medium;\">&#8211; \u00abBei M\u00e4nnern&#8230;\u00bb duo Pamina\/Papageno<\/span><\/span><\/p>\n<p align=\"justify\"><span style=\"font-family: 'Gentium Book Basic';\"><span style=\"font-size: medium;\">&#8211; \u00abAch, ich f\u00fchl&rsquo;s&#8230;\u00bb air Pamina<\/span><\/span><\/p>\n<p align=\"justify\"><span style=\"font-family: 'Gentium Book Basic';\"><span style=\"font-size: large;\"><b>Don Giovanni WA Mozart<\/b><\/span><\/span><\/p>\n<p align=\"justify\"><span style=\"font-family: 'Gentium Book Basic';\"><span style=\"font-size: medium;\">&#8211; \u00abPer queste tue manine\u00bb duetto Zerlina\/Leporello<\/span><\/span><\/p>\n<p align=\"justify\"><span style=\"color: #ffffff;\">&#8211;<\/span><\/p>\n<p align=\"justify\"><span style=\"font-family: 'Gentium Book Basic';\"><span style=\"font-size: large;\"><span style=\"text-decoration: underline;\">2\u00e8me partie<\/span>:<img decoding=\"async\" loading=\"lazy\" class=\" wp-image-146 alignright\" src=\"http:\/\/www.marionliotard.com\/wp-content\/uploads\/2016\/11\/Emilie-Rose-Bry-Thibaut-de-Damas-300x200.jpg\" alt=\"emilie-rose-bry-thibaut-de-damas\" width=\"368\" height=\"245\" srcset=\"http:\/\/www.marionliotard.com\/wp-content\/uploads\/2016\/11\/Emilie-Rose-Bry-Thibaut-de-Damas-300x200.jpg 300w, http:\/\/www.marionliotard.com\/wp-content\/uploads\/2016\/11\/Emilie-Rose-Bry-Thibaut-de-Damas-768x512.jpg 768w, http:\/\/www.marionliotard.com\/wp-content\/uploads\/2016\/11\/Emilie-Rose-Bry-Thibaut-de-Damas.jpg 872w\" sizes=\"(max-width: 368px) 100vw, 368px\" \/><\/span><\/span><\/p>\n<p align=\"justify\"><span style=\"font-family: 'Gentium Book Basic';\"><span style=\"font-size: large;\"><b>Elisir d&rsquo;amore G.Donizetti<\/b><\/span><\/span><\/p>\n<p align=\"justify\"><span style=\"font-family: 'Gentium Book Basic';\"><span style=\"font-size: medium;\">&#8211; \u00abBarcaruola a due voci\u00bb duo Adina\/Dulcamara<\/span><\/span><\/p>\n<p align=\"justify\"><span style=\"font-family: 'Gentium Book Basic';\"><span style=\"font-size: large;\"><b>Don Pasquale G.Donizetti<\/b><\/span><\/span><\/p>\n<p align=\"justify\"><span style=\"font-family: 'Gentium Book Basic';\"><span style=\"font-size: medium;\">&#8211; \u00abQuel guardo il cavaliere\u00bb air Norina<\/span><\/span><\/p>\n<p align=\"justify\"><span style=\"font-family: 'Gentium Book Basic';\"><span style=\"font-size: medium;\">&#8211; \u00abSignorina, in tanta fretta&#8230;\u00bb duo Norina\/Don Pasquale<\/span><\/span><\/p>\n<p align=\"justify\"><span style=\"font-family: 'Gentium Book Basic';\"><span style=\"font-size: medium;\">&#8211; \u00abUn foco insolito\u00bb air Don Pasquale<\/span><\/span><\/p>\n<p align=\"justify\"><span style=\"font-family: 'Gentium Book Basic';\"><span style=\"font-size: large;\"><b>Elisir d&rsquo;amore G.Donizetti<\/b><\/span><\/span><\/p>\n<p align=\"justify\"><span style=\"font-family: 'Gentium Book Basic';\"><span style=\"font-size: medium;\">&#8211; \u00abQuanto amore&#8230;\u00bb duo Adina\/Dulcamara<\/span><\/span><\/p>\n","protected":false},"excerpt":{"rendered":"<p>Du lyrisme et de l&rsquo;humour, un spectacle \u00e9tonnant et r\u00e9jouissant, avec des airs et duos du grand r\u00e9pertoire de Mozart et Donizetti: des extraits de Don Juan, Les noces de Figaro, La fl\u00fbte enchant\u00e9e, l&rsquo;Elixir d&rsquo;amour, Don Pasquale. &#8211; Emilie Rose Bry, soprano Thibault de Damas, baryon-basse Marion Liotard, piano &#8211; &#8211; 1\u00e8re partie: Le&hellip; <a class=\"read-more\" href=\"http:\/\/www.marionliotard.com\/index.php\/spectacles-lyriques\/soprano-savante-basse-ridicule\/\">Read More<\/a><\/p>\n","protected":false},"author":1,"featured_media":0,"parent":30,"menu_order":6,"comment_status":"closed","ping_status":"closed","template":"","meta":[],"_links":{"self":[{"href":"http:\/\/www.marionliotard.com\/index.php\/wp-json\/wp\/v2\/pages\/139"}],"collection":[{"href":"http:\/\/www.marionliotard.com\/index.php\/wp-json\/wp\/v2\/pages"}],"about":[{"href":"http:\/\/www.marionliotard.com\/index.php\/wp-json\/wp\/v2\/types\/page"}],"author":[{"embeddable":true,"href":"http:\/\/www.marionliotard.com\/index.php\/wp-json\/wp\/v2\/users\/1"}],"replies":[{"embeddable":true,"href":"http:\/\/www.marionliotard.com\/index.php\/wp-json\/wp\/v2\/comments?post=139"}],"version-history":[{"count":10,"href":"http:\/\/www.marionliotard.com\/index.php\/wp-json\/wp\/v2\/pages\/139\/revisions"}],"predecessor-version":[{"id":324,"href":"http:\/\/www.marionliotard.com\/index.php\/wp-json\/wp\/v2\/pages\/139\/revisions\/324"}],"up":[{"embeddable":true,"href":"http:\/\/www.marionliotard.com\/index.php\/wp-json\/wp\/v2\/pages\/30"}],"wp:attachment":[{"href":"http:\/\/www.marionliotard.com\/index.php\/wp-json\/wp\/v2\/media?parent=139"}],"curies":[{"name":"wp","href":"https:\/\/api.w.org\/{rel}","templated":true}]}}