{"id":135,"date":"2016-11-12T10:00:32","date_gmt":"2016-11-12T09:00:32","guid":{"rendered":"http:\/\/www.marionliotard.com\/?page_id=135"},"modified":"2016-11-14T19:28:18","modified_gmt":"2016-11-14T18:28:18","slug":"soy-mucho-mas","status":"publish","type":"page","link":"http:\/\/www.marionliotard.com\/index.php\/spectacles-lyriques\/soy-mucho-mas\/","title":{"rendered":"Soy mucho mas"},"content":{"rendered":"<p style=\"text-align: justify;\"><span style=\"font-size: 14pt;\"><img decoding=\"async\" loading=\"lazy\" class=\" wp-image-262 alignleft\" src=\"http:\/\/www.marionliotard.com\/wp-content\/uploads\/2016\/11\/Marie-Ange-Todorovitch-200x300.jpg\" alt=\"marie-ange-todorovitch\" width=\"173\" height=\"260\" srcset=\"http:\/\/www.marionliotard.com\/wp-content\/uploads\/2016\/11\/Marie-Ange-Todorovitch-200x300.jpg 200w, http:\/\/www.marionliotard.com\/wp-content\/uploads\/2016\/11\/Marie-Ange-Todorovitch-768x1152.jpg 768w, http:\/\/www.marionliotard.com\/wp-content\/uploads\/2016\/11\/Marie-Ange-Todorovitch-683x1024.jpg 683w\" sizes=\"(max-width: 173px) 100vw, 173px\" \/>La rencontre entre <a href=\"http:\/\/www.matodorovitch.com\/#home-anchor\" target=\"_blank\">Marie-Ange Todorovitch<\/a>, Marion Liotard et <a href=\"https:\/\/lionelginoux.com\/\" target=\"_blank\">Lionel Ginoux<\/a> a lieu \u00e0 l&rsquo;Op\u00e9ra de Marseille\u00a0; Marie-Ange, dans un \u00e9lan spontan\u00e9, a tout de suite propos\u00e9 \u00e0 Lionel de chanter sa musique s\u2019il acceptait de lui \u00e9crire une \u0153uvre sur-mesure pour voix et piano. Ce n&rsquo;est s\u00fbrement pas un hasard si au m\u00eame moment Lionel rencontre Eyda T. Machin, po\u00e9tesse cubaine, qui aimerait entendre ses po\u00e8mes mis en musique.<img decoding=\"async\" loading=\"lazy\" class=\" wp-image-261 alignright\" src=\"http:\/\/www.marionliotard.com\/wp-content\/uploads\/2016\/11\/Lionel-Ginoux-232x300.jpg\" alt=\"lionel-ginoux\" width=\"186\" height=\"241\" srcset=\"http:\/\/www.marionliotard.com\/wp-content\/uploads\/2016\/11\/Lionel-Ginoux-232x300.jpg 232w, http:\/\/www.marionliotard.com\/wp-content\/uploads\/2016\/11\/Lionel-Ginoux-768x995.jpg 768w, http:\/\/www.marionliotard.com\/wp-content\/uploads\/2016\/11\/Lionel-Ginoux-791x1024.jpg 791w\" sizes=\"(max-width: 186px) 100vw, 186px\" \/> <\/span><\/p>\n<p style=\"text-align: justify;\"><span style=\"font-size: 14pt;\">Lionel compose alors pour Marie-Ange et Marion le cycle \u00ab\u00a0Soy mucho mas\u00a0\u00bb sur des po\u00e8mes de Eyda T.Machin, et c&rsquo;est avec un immense bonheur que les deux interpr\u00e8tes ont imagin\u00e9 ce programme avec certaines des plus belles pages pour voix et piano de la musique espagnole et sud-am\u00e9ricaine.<\/span><\/p>\n<p style=\"text-align: justify;\"><span style=\"color: #ffffff;\">&#8211;<\/span><\/p>\n<p><span style=\"text-decoration: underline;\"><span style=\"font-size: 14pt;\">Programme<\/span><\/span><\/p>\n<p><span style=\"font-size: 14pt;\"><strong>Soy Mucho Mas<\/strong> de <a href=\"https:\/\/lionelginoux.com\/\" target=\"_blank\">Lionel Ginoux<\/a> (po\u00e8mes d\u2019Eyda Machin) \/\/ CREATION &#8211; <strong>Soy Mucho Mas<\/strong> &#8211; <strong>Amo en ti<\/strong><\/span><\/p>\n<p><span style=\"font-size: 14pt;\"><strong> Siete Canciones populares espanolas<\/strong> de Manuel de Falla<\/span><\/p>\n<p><span style=\"font-size: 14pt;\"><strong> Cinco canciones negras<\/strong> de Xavier Montsalvatge<img decoding=\"async\" loading=\"lazy\" class=\"size-medium wp-image-82 alignright\" src=\"http:\/\/www.marionliotard.com\/wp-content\/uploads\/2016\/10\/Photo-JD-robe-rose-200x300.jpg\" alt=\"photo-jd-robe-rose\" width=\"200\" height=\"300\" srcset=\"http:\/\/www.marionliotard.com\/wp-content\/uploads\/2016\/10\/Photo-JD-robe-rose-200x300.jpg 200w, http:\/\/www.marionliotard.com\/wp-content\/uploads\/2016\/10\/Photo-JD-robe-rose-768x1151.jpg 768w, http:\/\/www.marionliotard.com\/wp-content\/uploads\/2016\/10\/Photo-JD-robe-rose-683x1024.jpg 683w, http:\/\/www.marionliotard.com\/wp-content\/uploads\/2016\/10\/Photo-JD-robe-rose.jpg 1366w\" sizes=\"(max-width: 200px) 100vw, 200px\" \/> <\/span><\/p>\n<p><span style=\"font-size: 14pt;\"><strong>Besame Mucho<\/strong> de Consuelo Velasquez <\/span><\/p>\n<p><span style=\"font-size: 14pt;\"><strong>El dia que me quieras<\/strong> de Carlos Gardel<\/span><\/p>\n<p><span style=\"font-size: 14pt;\"><strong> Dos Gardenias<\/strong> de Isolina Carrillo <\/span><\/p>\n<p><span style=\"font-size: 14pt;\"><strong>Veinte Anos<\/strong> de Maria Teresa Vera <\/span><\/p>\n<p><span style=\"font-size: 14pt;\"><strong>Granada<\/strong> de Agustin Lara<\/span><\/p>\n<p><span style=\"color: #ffffff;\">&#8211;<\/span><br \/>\n<span style=\"font-size: 14pt;\">Pi\u00e8ces pour piano<\/span><\/p>\n<p><span style=\"color: #ffffff;\">&#8211;<\/span><br \/>\n<span style=\"font-size: 14pt;\"><strong>Aragonesa<\/strong> de Ernesto Lecuona <\/span><\/p>\n<p><span style=\"font-size: 14pt;\"><strong>Cordoba<\/strong> de Ernesto Lecuona<\/span><\/p>\n<p><span style=\"font-size: 14pt;\"><strong> Od\u00e9on<\/strong> de Ernesto Nazareth<\/span><\/p>\n","protected":false},"excerpt":{"rendered":"<p>La rencontre entre Marie-Ange Todorovitch, Marion Liotard et Lionel Ginoux a lieu \u00e0 l&rsquo;Op\u00e9ra de Marseille\u00a0; Marie-Ange, dans un \u00e9lan spontan\u00e9, a tout de suite propos\u00e9 \u00e0 Lionel de chanter sa musique s\u2019il acceptait de lui \u00e9crire une \u0153uvre sur-mesure pour voix et piano. Ce n&rsquo;est s\u00fbrement pas un hasard si au m\u00eame moment Lionel&hellip; <a class=\"read-more\" href=\"http:\/\/www.marionliotard.com\/index.php\/spectacles-lyriques\/soy-mucho-mas\/\">Read More<\/a><\/p>\n","protected":false},"author":1,"featured_media":0,"parent":30,"menu_order":5,"comment_status":"closed","ping_status":"closed","template":"","meta":[],"_links":{"self":[{"href":"http:\/\/www.marionliotard.com\/index.php\/wp-json\/wp\/v2\/pages\/135"}],"collection":[{"href":"http:\/\/www.marionliotard.com\/index.php\/wp-json\/wp\/v2\/pages"}],"about":[{"href":"http:\/\/www.marionliotard.com\/index.php\/wp-json\/wp\/v2\/types\/page"}],"author":[{"embeddable":true,"href":"http:\/\/www.marionliotard.com\/index.php\/wp-json\/wp\/v2\/users\/1"}],"replies":[{"embeddable":true,"href":"http:\/\/www.marionliotard.com\/index.php\/wp-json\/wp\/v2\/comments?post=135"}],"version-history":[{"count":8,"href":"http:\/\/www.marionliotard.com\/index.php\/wp-json\/wp\/v2\/pages\/135\/revisions"}],"predecessor-version":[{"id":264,"href":"http:\/\/www.marionliotard.com\/index.php\/wp-json\/wp\/v2\/pages\/135\/revisions\/264"}],"up":[{"embeddable":true,"href":"http:\/\/www.marionliotard.com\/index.php\/wp-json\/wp\/v2\/pages\/30"}],"wp:attachment":[{"href":"http:\/\/www.marionliotard.com\/index.php\/wp-json\/wp\/v2\/media?parent=135"}],"curies":[{"name":"wp","href":"https:\/\/api.w.org\/{rel}","templated":true}]}}